{"id":75,"date":"2024-02-13T21:17:39","date_gmt":"2024-02-13T20:17:39","guid":{"rendered":"https:\/\/www.depannflex.fr\/?page_id=75"},"modified":"2025-03-30T22:54:12","modified_gmt":"2025-03-30T20:54:12","slug":"75-2","status":"publish","type":"page","link":"https:\/\/www.depannflex.fr\/index.php\/75-2\/","title":{"rendered":"Tarifs"},"content":{"rendered":"\n<div class=\"wp-block-group alignfull has-ast-global-color-4-background-color has-background is-layout-constrained wp-container-core-group-is-layout-6a2cfb7b wp-block-group-is-layout-constrained\" id=\"reviews\">\n<figure class=\"wp-block-image aligncenter size-large is-resized\"><img loading=\"lazy\" decoding=\"async\" width=\"1024\" height=\"352\" src=\"https:\/\/www.depannflex.fr\/wp-content\/uploads\/2025\/03\/Depannflex_logo-1-1024x352.png\" alt=\"\" class=\"wp-image-270\" style=\"width:634px;height:auto\" srcset=\"https:\/\/www.depannflex.fr\/wp-content\/uploads\/2025\/03\/Depannflex_logo-1-1024x352.png 1024w, https:\/\/www.depannflex.fr\/wp-content\/uploads\/2025\/03\/Depannflex_logo-1-300x103.png 300w, https:\/\/www.depannflex.fr\/wp-content\/uploads\/2025\/03\/Depannflex_logo-1-768x264.png 768w, https:\/\/www.depannflex.fr\/wp-content\/uploads\/2025\/03\/Depannflex_logo-1.png 1287w\" sizes=\"auto, (max-width: 1024px) 100vw, 1024px\" \/><\/figure>\n\n\n\n<div class=\"wp-block-uagb-advanced-heading uagb-block-ee37fbfd\"><h2 class=\"uagb-heading-text\">Les Tarifs:<\/h2><\/div>\n\n\n\n<p class=\"has-text-align-center has-vivid-green-cyan-color has-text-color has-link-color wp-elements-eee510354cd6a7547a44afd288d7bee5\"><strong>Tarifs valables de 7:00 \u00e0 19:00 du lundi au vendredi<\/strong><br><\/p>\n\n\n\n<p class=\"has-text-align-center\">TARIFS ASTREINTES de 19:00 \u00c0 7:00, week-end et jours f\u00e9ri\u00e9s <br>(MAIN D&#8217;OEUVRE+DEPLACEMENT) X2 <\/p>\n\n\n\n<div class=\"wp-block-uagb-image aligncenter uagb-block-9a973923 wp-block-uagb-image--layout-default wp-block-uagb-image--effect-static wp-block-uagb-image--align-center\"><figure class=\"wp-block-uagb-image__figure\"><img decoding=\"async\" srcset=\"https:\/\/www.depannflex.fr\/wp-content\/uploads\/2024\/02\/Capture-decran-2024-02-13-a-23.36.08-1024x171.png ,https:\/\/www.depannflex.fr\/wp-content\/uploads\/2024\/02\/Capture-decran-2024-02-13-a-23.36.08.png 780w, https:\/\/www.depannflex.fr\/wp-content\/uploads\/2024\/02\/Capture-decran-2024-02-13-a-23.36.08.png 360w\" sizes=\"auto, (max-width: 480px) 150px\" src=\"https:\/\/www.depannflex.fr\/wp-content\/uploads\/2024\/02\/Capture-decran-2024-02-13-a-23.36.08-1024x171.png\" alt=\"\" class=\"uag-image-199\" width=\"1772\" height=\"294\" title=\"\" loading=\"lazy\"\/><\/figure><\/div>\n\n\n\n<div class=\"wp-block-uagb-image aligncenter uagb-block-5c12b629 wp-block-uagb-image--layout-default wp-block-uagb-image--effect-static wp-block-uagb-image--align-center\"><figure class=\"wp-block-uagb-image__figure\"><img decoding=\"async\" srcset=\"https:\/\/www.depannflex.fr\/wp-content\/uploads\/2025\/03\/Capture-decran-2025-03-28-163939-571x1024.png ,https:\/\/www.depannflex.fr\/wp-content\/uploads\/2025\/03\/Capture-decran-2025-03-28-163939.png 780w, https:\/\/www.depannflex.fr\/wp-content\/uploads\/2025\/03\/Capture-decran-2025-03-28-163939.png 360w\" sizes=\"auto, (max-width: 480px) 150px\" src=\"https:\/\/www.depannflex.fr\/wp-content\/uploads\/2025\/03\/Capture-decran-2025-03-28-163939-571x1024.png\" alt=\"\" class=\"uag-image-256\" width=\"573\" height=\"1027\" title=\"\" loading=\"lazy\"\/><\/figure><\/div>\n\n\n\n<div class=\"wp-block-uagb-image aligncenter uagb-block-224bd66c wp-block-uagb-image--layout-default wp-block-uagb-image--effect-static wp-block-uagb-image--align-center\"><figure class=\"wp-block-uagb-image__figure\"><a class=\"\" href=\"https:\/\/www.depannflex.fr\/wp-content\/uploads\/2025\/03\/Capture-decran-2025-03-28-163454.png\" target=\"\" rel=\"noopener\"><img decoding=\"async\" srcset=\"https:\/\/www.depannflex.fr\/wp-content\/uploads\/2025\/03\/Capture-decran-2025-03-28-163454-930x1024.png ,https:\/\/www.depannflex.fr\/wp-content\/uploads\/2025\/03\/Capture-decran-2025-03-28-163454.png 780w, https:\/\/www.depannflex.fr\/wp-content\/uploads\/2025\/03\/Capture-decran-2025-03-28-163454.png 360w\" sizes=\"auto, (max-width: 480px) 150px\" src=\"https:\/\/www.depannflex.fr\/wp-content\/uploads\/2025\/03\/Capture-decran-2025-03-28-163454-930x1024.png\" alt=\"\" class=\"uag-image-257\" width=\"309\" height=\"130\" title=\"\" loading=\"lazy\"\/><\/a><\/figure><\/div>\n\n\n\n<div class=\"wp-block-uagb-image aligncenter uagb-block-246503d9 wp-block-uagb-image--layout-default wp-block-uagb-image--effect-static wp-block-uagb-image--align-center\"><figure class=\"wp-block-uagb-image__figure\"><a class=\"\" href=\"https:\/\/www.depannflex.fr\/wp-content\/uploads\/2025\/03\/Capture-decran-2025-03-28-163908-1.png\" target=\"\" rel=\"noopener\"><img decoding=\"async\" srcset=\"https:\/\/www.depannflex.fr\/wp-content\/uploads\/2025\/03\/Capture-decran-2025-03-28-163908-1-1005x1024.png ,https:\/\/www.depannflex.fr\/wp-content\/uploads\/2025\/03\/Capture-decran-2025-03-28-163908-1.png 780w, https:\/\/www.depannflex.fr\/wp-content\/uploads\/2025\/03\/Capture-decran-2025-03-28-163908-1.png 360w\" sizes=\"auto, (max-width: 480px) 150px\" src=\"https:\/\/www.depannflex.fr\/wp-content\/uploads\/2025\/03\/Capture-decran-2025-03-28-163908-1-1005x1024.png\" alt=\"\" class=\"uag-image-269\" width=\"314\" height=\"290\" title=\"\" loading=\"lazy\"\/><\/a><\/figure><\/div>\n\n\n\n<div class=\"wp-block-uagb-image uagb-block-c54cc02e wp-block-uagb-image--layout-default wp-block-uagb-image--effect-static wp-block-uagb-image--align-none\"><figure class=\"wp-block-uagb-image__figure\"><img decoding=\"async\" srcset=\"https:\/\/www.depannflex.fr\/wp-content\/uploads\/2025\/03\/Capture-decran-2025-03-28-180250-1-1024x480.png ,https:\/\/www.depannflex.fr\/wp-content\/uploads\/2025\/03\/Capture-decran-2025-03-28-180250-1.png 780w, https:\/\/www.depannflex.fr\/wp-content\/uploads\/2025\/03\/Capture-decran-2025-03-28-180250-1.png 360w\" sizes=\"auto, (max-width: 480px) 150px\" src=\"https:\/\/www.depannflex.fr\/wp-content\/uploads\/2025\/03\/Capture-decran-2025-03-28-180250-1-1024x480.png\" alt=\"\" class=\"uag-image-273\" width=\"1679\" height=\"787\" title=\"\" loading=\"lazy\"\/><\/figure><\/div>\n<\/div>\n\n\n\n<div class=\"wp-block-uagb-image uagb-block-68f06882 wp-block-uagb-image--layout-default wp-block-uagb-image--effect-static wp-block-uagb-image--align-none\"><figure class=\"wp-block-uagb-image__figure\"><img decoding=\"async\" srcset=\"https:\/\/www.depannflex.fr\/wp-content\/uploads\/2024\/02\/Capture-decran-2024-02-12-a-14.51.58-1-1024x43.png ,https:\/\/www.depannflex.fr\/wp-content\/uploads\/2024\/02\/Capture-decran-2024-02-12-a-14.51.58-1.png 780w, https:\/\/www.depannflex.fr\/wp-content\/uploads\/2024\/02\/Capture-decran-2024-02-12-a-14.51.58-1.png 360w\" sizes=\"auto, (max-width: 480px) 150px\" src=\"https:\/\/www.depannflex.fr\/wp-content\/uploads\/2024\/02\/Capture-decran-2024-02-12-a-14.51.58-1-1024x43.png\" alt=\"\" class=\"uag-image-176\" width=\"1024\" height=\"43\" title=\"\" loading=\"lazy\"\/><\/figure><\/div>\n\n\n\n<div class=\"wp-block-uagb-image uagb-block-50e6c836 wp-block-uagb-image--layout-default wp-block-uagb-image--effect-static wp-block-uagb-image--align-none\"><figure class=\"wp-block-uagb-image__figure\"><img decoding=\"async\" srcset=\"https:\/\/www.depannflex.fr\/wp-content\/uploads\/2024\/02\/Capture-decran-2024-02-12-a-14.51.58-1-1024x43.png ,https:\/\/www.depannflex.fr\/wp-content\/uploads\/2024\/02\/Capture-decran-2024-02-12-a-14.51.58-1.png 780w, https:\/\/www.depannflex.fr\/wp-content\/uploads\/2024\/02\/Capture-decran-2024-02-12-a-14.51.58-1.png 360w\" sizes=\"auto, (max-width: 480px) 150px\" src=\"https:\/\/www.depannflex.fr\/wp-content\/uploads\/2024\/02\/Capture-decran-2024-02-12-a-14.51.58-1-1024x43.png\" alt=\"\" class=\"uag-image-176\" width=\"1024\" height=\"43\" title=\"\" loading=\"lazy\"\/><\/figure><\/div>\n\n\n\n<div class=\"wp-block-uagb-image aligncenter uagb-block-7ff1bd34 wp-block-uagb-image--layout-default wp-block-uagb-image--effect-static wp-block-uagb-image--align-center\"><figure class=\"wp-block-uagb-image__figure\"><img decoding=\"async\" srcset=\"https:\/\/www.depannflex.fr\/wp-content\/uploads\/2025\/03\/Capture-decran-2025-03-30-a-22.10.14-2.png ,https:\/\/www.depannflex.fr\/wp-content\/uploads\/2025\/03\/Capture-decran-2025-03-30-a-22.10.14-2.png 780w, https:\/\/www.depannflex.fr\/wp-content\/uploads\/2025\/03\/Capture-decran-2025-03-30-a-22.10.14-2.png 360w\" sizes=\"auto, (max-width: 480px) 150px\" src=\"https:\/\/www.depannflex.fr\/wp-content\/uploads\/2025\/03\/Capture-decran-2025-03-30-a-22.10.14-2.png\" alt=\"\" class=\"uag-image-254\" width=\"532\" height=\"860\" title=\"\" loading=\"lazy\"\/><\/figure><\/div>\n","protected":false},"excerpt":{"rendered":"<p>Les Tarifs: Tarifs valables de 7:00 \u00e0 19:00 du lundi au vendredi TARIFS ASTREINTES de 19:00 \u00c0 7:00, week-end et [&hellip;]<\/p>\n","protected":false},"author":1,"featured_media":0,"parent":0,"menu_order":0,"comment_status":"closed","ping_status":"closed","template":"","meta":{"_uag_custom_page_level_css":"","site-sidebar-layout":"default","site-content-layout":"","ast-site-content-layout":"","site-content-style":"default","site-sidebar-style":"default","ast-global-header-display":"","ast-banner-title-visibility":"","ast-main-header-display":"","ast-hfb-above-header-display":"","ast-hfb-below-header-display":"","ast-hfb-mobile-header-display":"","site-post-title":"disabled","ast-breadcrumbs-content":"","ast-featured-img":"","footer-sml-layout":"","theme-transparent-header-meta":"","adv-header-id-meta":"","stick-header-meta":"","header-above-stick-meta":"","header-main-stick-meta":"","header-below-stick-meta":"","astra-migrate-meta-layouts":"default","ast-page-background-enabled":"default","ast-page-background-meta":{"desktop":{"background-color":"var(--ast-global-color-4)","background-image":"","background-repeat":"repeat","background-position":"center center","background-size":"auto","background-attachment":"scroll","background-type":"","background-media":"","overlay-type":"","overlay-color":"","overlay-gradient":""},"tablet":{"background-color":"","background-image":"","background-repeat":"repeat","background-position":"center center","background-size":"auto","background-attachment":"scroll","background-type":"","background-media":"","overlay-type":"","overlay-color":"","overlay-gradient":""},"mobile":{"background-color":"","background-image":"","background-repeat":"repeat","background-position":"center center","background-size":"auto","background-attachment":"scroll","background-type":"","background-media":"","overlay-type":"","overlay-color":"","overlay-gradient":""}},"ast-content-background-meta":{"desktop":{"background-color":"var(--ast-global-color-5)","background-image":"","background-repeat":"repeat","background-position":"center center","background-size":"auto","background-attachment":"scroll","background-type":"","background-media":"","overlay-type":"","overlay-color":"","overlay-gradient":""},"tablet":{"background-color":"var(--ast-global-color-5)","background-image":"","background-repeat":"repeat","background-position":"center center","background-size":"auto","background-attachment":"scroll","background-type":"","background-media":"","overlay-type":"","overlay-color":"","overlay-gradient":""},"mobile":{"background-color":"var(--ast-global-color-5)","background-image":"","background-repeat":"repeat","background-position":"center center","background-size":"auto","background-attachment":"scroll","background-type":"","background-media":"","overlay-type":"","overlay-color":"","overlay-gradient":""}},"footnotes":""},"class_list":["post-75","page","type-page","status-publish","hentry"],"uagb_featured_image_src":{"full":false,"thumbnail":false,"medium":false,"medium_large":false,"large":false,"1536x1536":false,"2048x2048":false},"uagb_author_info":{"display_name":"admin4293","author_link":"https:\/\/www.depannflex.fr\/index.php\/author\/admin4293\/"},"uagb_comment_info":0,"uagb_excerpt":"Les Tarifs: Tarifs valables de 7:00 \u00e0 19:00 du lundi au vendredi TARIFS ASTREINTES de 19:00 \u00c0 7:00, week-end et [&hellip;]","_links":{"self":[{"href":"https:\/\/www.depannflex.fr\/index.php\/wp-json\/wp\/v2\/pages\/75","targetHints":{"allow":["GET"]}}],"collection":[{"href":"https:\/\/www.depannflex.fr\/index.php\/wp-json\/wp\/v2\/pages"}],"about":[{"href":"https:\/\/www.depannflex.fr\/index.php\/wp-json\/wp\/v2\/types\/page"}],"author":[{"embeddable":true,"href":"https:\/\/www.depannflex.fr\/index.php\/wp-json\/wp\/v2\/users\/1"}],"replies":[{"embeddable":true,"href":"https:\/\/www.depannflex.fr\/index.php\/wp-json\/wp\/v2\/comments?post=75"}],"version-history":[{"count":22,"href":"https:\/\/www.depannflex.fr\/index.php\/wp-json\/wp\/v2\/pages\/75\/revisions"}],"predecessor-version":[{"id":275,"href":"https:\/\/www.depannflex.fr\/index.php\/wp-json\/wp\/v2\/pages\/75\/revisions\/275"}],"wp:attachment":[{"href":"https:\/\/www.depannflex.fr\/index.php\/wp-json\/wp\/v2\/media?parent=75"}],"curies":[{"name":"wp","href":"https:\/\/api.w.org\/{rel}","templated":true}]}}